{"id":169,"date":"2025-05-26T08:12:50","date_gmt":"2025-05-26T08:12:50","guid":{"rendered":"https:\/\/nordicolier.dk\/?product=moringa-pulver-kapsler"},"modified":"2025-06-17T11:59:39","modified_gmt":"2025-06-17T09:59:39","slug":"moringa-pulver-kapsler","status":"publish","type":"product","link":"https:\/\/nordicolier.dk\/?product=moringa-pulver-kapsler","title":{"rendered":"Moringa-pulver kapsler"},"content":{"rendered":"<p data-start=\"477\" data-end=\"555\"><span class=\"relative -mx-px my-[-0.2rem] rounded px-px py-[0.2rem] transition-colors duration-100 ease-in-out\"><strong data-start=\"0\" data-end=\"36\" data-is-last-node=\"\" data-is-only-node=\"\">Moringa-pulver kapsler \u2013 60 stk.<\/strong><\/span><\/p>\n<p data-start=\"557\" data-end=\"675\"><span class=\"relative -mx-px my-[-0.2rem] rounded px-px py-[0.2rem] transition-colors duration-100 ease-in-out\">Disse kapsler indeholder 400 mg \u00f8kologisk Moringa-bladpulver pr. kapsel.<\/span> <span class=\"relative -mx-px my-[-0.2rem] rounded px-px py-[0.2rem] transition-colors duration-100 ease-in-out\">Formuleret til daglig brug.<\/span><\/p>\n<p data-start=\"677\" data-end=\"697\"><strong data-start=\"677\" data-end=\"697\">Produktdetaljer:<\/strong><\/p>\n<ul data-start=\"699\" data-end=\"983\">\n<li data-start=\"699\" data-end=\"753\">\n<p data-start=\"701\" data-end=\"753\"><strong data-start=\"701\" data-end=\"713\">Indhold:<\/strong> <span class=\"relative -mx-px my-[-0.2rem] rounded px-px py-[0.2rem] transition-colors duration-100 ease-in-out\">60 kapsler pr. flaske<\/span><\/p>\n<\/li>\n<li data-start=\"754\" data-end=\"823\">\n<p data-start=\"756\" data-end=\"823\"><strong data-start=\"756\" data-end=\"783\">Anbefalet daglig dosis:<\/strong> <span class=\"relative -mx-px my-[-0.2rem] rounded px-px py-[0.2rem] transition-colors duration-100 ease-in-out\">1-2 kapsler<\/span><\/p>\n<\/li>\n<li data-start=\"824\" data-end=\"881\">\n<p data-start=\"826\" data-end=\"881\"><strong data-start=\"826\" data-end=\"841\">Produktion:<\/strong> <span class=\"relative -mx-px my-[-0.2rem] rounded px-px py-[0.2rem] transition-colors duration-100 ease-in-out\">Fremstillet i EU<\/span><\/p>\n<\/li>\n<li data-start=\"882\" data-end=\"983\">\n<p data-start=\"884\" data-end=\"983\"><strong data-start=\"884\" data-end=\"904\">Kostinformation:<\/strong> <span class=\"relative -mx-px my-[-0.2rem] rounded px-px py-[0.2rem] transition-colors duration-100 ease-in-out\">Vegansk, glutenfri, laktosefri og sukkerfri<\/span><\/p>\n<\/li>\n<\/ul>\n<p data-start=\"985\" data-end=\"1002\"><strong data-start=\"985\" data-end=\"1002\">Ingredienser:<\/strong><\/p>\n<p data-start=\"1004\" data-end=\"1082\"><span class=\"relative -mx-px my-[-0.2rem] rounded px-px py-[0.2rem] transition-colors duration-100 ease-in-out\">\u00d8kologisk Moringa-bladpulver (Moringa oleifera), kapselskal (hydroxypropylmethylcellulose).<\/span><\/p>\n<p data-start=\"1084\" data-end=\"1103\"><strong data-start=\"1084\" data-end=\"1103\">Brugsanvisning:<\/strong><\/p>\n<p data-start=\"1105\" data-end=\"1183\"><span class=\"relative -mx-px my-[-0.2rem] rounded px-px py-[0.2rem] transition-colors duration-100 ease-in-out\">Tag 1-2 kapsler dagligt, helst i forbindelse med et m\u00e5ltid. Overskrid ikke den anbefalede daglige dosis.<\/span><\/p>\n<p data-start=\"1185\" data-end=\"1196\"><strong data-start=\"1185\" data-end=\"1196\">Bem\u00e6rk:<\/strong><\/p>\n<ul data-start=\"1198\" data-end=\"1362\">\n<li data-start=\"1198\" data-end=\"1239\">\n<p data-start=\"1200\" data-end=\"1239\"><span class=\"relative -mx-px my-[-0.2rem] rounded px-px py-[0.2rem] transition-colors duration-100 ease-in-out\">Ikke egnet til b\u00f8rn under 11 \u00e5r.<\/span><\/p>\n<\/li>\n<li data-start=\"1240\" data-end=\"1281\">\n<p data-start=\"1242\" data-end=\"1281\"><span class=\"relative -mx-px my-[-0.2rem] rounded px-px py-[0.2rem] transition-colors duration-100 ease-in-out\">Ved graviditet, amning, sygdom eller medicinbrug b\u00f8r du konsultere din l\u00e6ge f\u00f8r brug.<\/span><\/p>\n<\/li>\n<li data-start=\"1282\" data-end=\"1362\">\n<p data-start=\"1284\" data-end=\"1362\"><span class=\"relative -mx-px my-[-0.2rem] rounded px-px py-[0.2rem] transition-colors duration-100 ease-in-out\">Kosttilskud b\u00f8r ikke tr\u00e6de i stedet for en varieret kost og sund livsstil.<\/span><\/p>\n<\/li>\n<\/ul>\n<p data-start=\"1364\" data-end=\"1379\"><strong data-start=\"1364\" data-end=\"1379\">Opbevaring:<\/strong><\/p>\n<p data-start=\"1381\" data-end=\"1459\"><span class=\"relative -mx-px my-[-0.2rem] rounded px-px py-[0.2rem] transition-colors duration-100 ease-in-out\">Opbevares t\u00f8rt og ved stuetemperatur, utilg\u00e6ngeligt for b\u00f8rn.<\/span><\/p>\n","protected":false},"excerpt":{"rendered":"<p data-start=\"162\" data-end=\"236\"><span class=\"relative -mx-px my-[-0.2rem] rounded px-px py-[0.2rem] transition-colors duration-100 ease-in-out\"><strong data-start=\"0\" data-end=\"36\" data-is-last-node=\"\" data-is-only-node=\"\">Moringa-pulver kapsler \u2013 60 stk.<\/strong><\/span><\/p>\n<p data-start=\"238\" data-end=\"394\"><span class=\"relative -mx-px my-[-0.2rem] rounded px-px py-[0.2rem] transition-colors duration-100 ease-in-out\">Hver kapsel indeholder 400 mg \u00f8kologisk Moringa-bladpulver.<\/span> <span class=\"relative -mx-px my-[-0.2rem] rounded px-px py-[0.2rem] transition-colors duration-100 ease-in-out\">Formuleret til daglig brug.<\/span> <span class=\"relative -mx-px my-[-0.2rem] rounded px-px py-[0.2rem] transition-colors duration-100 ease-in-out\">Vegansk og fri for gluten, laktose og sukker.<\/span><\/p>\n","protected":false},"featured_media":97,"comment_status":"open","ping_status":"closed","template":"","meta":[],"product_brand":[41],"product_cat":[22],"product_tag":[],"class_list":{"0":"post-169","1":"product","2":"type-product","3":"status-publish","4":"has-post-thumbnail","6":"product_brand-nordic-oil-essentials","7":"product_cat-kosttilskud","9":"first","10":"instock","11":"taxable","12":"shipping-taxable","13":"purchasable","14":"product-type-simple"},"_links":{"self":[{"href":"https:\/\/nordicolier.dk\/index.php?rest_route=\/wp\/v2\/product\/169","targetHints":{"allow":["GET"]}}],"collection":[{"href":"https:\/\/nordicolier.dk\/index.php?rest_route=\/wp\/v2\/product"}],"about":[{"href":"https:\/\/nordicolier.dk\/index.php?rest_route=\/wp\/v2\/types\/product"}],"replies":[{"embeddable":true,"href":"https:\/\/nordicolier.dk\/index.php?rest_route=%2Fwp%2Fv2%2Fcomments&post=169"}],"wp:featuredmedia":[{"embeddable":true,"href":"https:\/\/nordicolier.dk\/index.php?rest_route=\/wp\/v2\/media\/97"}],"wp:attachment":[{"href":"https:\/\/nordicolier.dk\/index.php?rest_route=%2Fwp%2Fv2%2Fmedia&parent=169"}],"wp:term":[{"taxonomy":"product_brand","embeddable":true,"href":"https:\/\/nordicolier.dk\/index.php?rest_route=%2Fwp%2Fv2%2Fproduct_brand&post=169"},{"taxonomy":"product_cat","embeddable":true,"href":"https:\/\/nordicolier.dk\/index.php?rest_route=%2Fwp%2Fv2%2Fproduct_cat&post=169"},{"taxonomy":"product_tag","embeddable":true,"href":"https:\/\/nordicolier.dk\/index.php?rest_route=%2Fwp%2Fv2%2Fproduct_tag&post=169"}],"curies":[{"name":"wp","href":"https:\/\/api.w.org\/{rel}","templated":true}]}}