{"id":166,"date":"2025-05-26T08:12:50","date_gmt":"2025-05-26T08:12:50","guid":{"rendered":"https:\/\/nordicolier.dk\/?product=multi-complex-50"},"modified":"2025-06-17T11:59:39","modified_gmt":"2025-06-17T09:59:39","slug":"multi-complex-50","status":"publish","type":"product","link":"https:\/\/nordicolier.dk\/?product=multi-complex-50","title":{"rendered":"Multi Complex 50+"},"content":{"rendered":"<p data-start=\"475\" data-end=\"509\"><strong data-start=\"475\" data-end=\"509\">Multi Complex 50+ \u2013 60 kapsler<\/strong><\/p>\n<p data-start=\"511\" data-end=\"669\"><span class=\"relative -mx-px my-[-0.2rem] rounded px-px py-[0.2rem] transition-colors duration-100 ease-in-out\">Multi Complex 50+ er et kosttilskud designet til voksne over 50 \u00e5r.<\/span> <span class=\"relative -mx-px my-[-0.2rem] rounded px-px py-[0.2rem] transition-colors duration-100 ease-in-out\">Hver kapsel indeholder en kombination af essentielle vitaminer, mineraler og omega-3-fedtsyrer.<\/span> <span class=\"relative -mx-px my-[-0.2rem] rounded px-px py-[0.2rem] transition-colors duration-100 ease-in-out\">Formuleret til daglig brug.<\/span><\/p>\n<p data-start=\"671\" data-end=\"691\"><strong data-start=\"671\" data-end=\"691\">Produktdetaljer:<\/strong><\/p>\n<ul data-start=\"693\" data-end=\"977\">\n<li data-start=\"693\" data-end=\"747\">\n<p data-start=\"695\" data-end=\"747\"><strong data-start=\"695\" data-end=\"707\">Indhold:<\/strong> <span class=\"relative -mx-px my-[-0.2rem] rounded px-px py-[0.2rem] transition-colors duration-100 ease-in-out\">60 kapsler pr. flaske<\/span><\/p>\n<\/li>\n<li data-start=\"748\" data-end=\"817\">\n<p data-start=\"750\" data-end=\"817\"><strong data-start=\"750\" data-end=\"777\">Anbefalet daglig dosis:<\/strong> <span class=\"relative -mx-px my-[-0.2rem] rounded px-px py-[0.2rem] transition-colors duration-100 ease-in-out\">1 kapsel<\/span><\/p>\n<\/li>\n<li data-start=\"818\" data-end=\"875\">\n<p data-start=\"820\" data-end=\"875\"><strong data-start=\"820\" data-end=\"835\">Produktion:<\/strong> <span class=\"relative -mx-px my-[-0.2rem] rounded px-px py-[0.2rem] transition-colors duration-100 ease-in-out\">Fremstillet i EU<\/span><\/p>\n<\/li>\n<li data-start=\"876\" data-end=\"977\">\n<p data-start=\"878\" data-end=\"977\"><strong data-start=\"878\" data-end=\"898\">Kostinformation:<\/strong> <span class=\"relative -mx-px my-[-0.2rem] rounded px-px py-[0.2rem] transition-colors duration-100 ease-in-out\">Glutenfri, sojafri, sesamfri og sukkerfri<\/span><\/p>\n<\/li>\n<\/ul>\n<p data-start=\"979\" data-end=\"996\"><strong data-start=\"979\" data-end=\"996\">Ingredienser:<\/strong><\/p>\n<p data-start=\"998\" data-end=\"1076\"><span class=\"relative -mx-px my-[-0.2rem] rounded px-px py-[0.2rem] transition-colors duration-100 ease-in-out\">Fiskeolie, MCT-olie, Vitamin C, Zinkgluconat, Bivoks, Selen-g\u00e6r, Tocopherol, Vitamin B12, Solsikkelecithin, Vitamin K2, Vitamin D3, Folinsyre.<\/span><\/p>\n<p data-start=\"1078\" data-end=\"1097\"><strong data-start=\"1078\" data-end=\"1097\">Brugsanvisning:<\/strong><\/p>\n<p data-start=\"1099\" data-end=\"1177\"><span class=\"relative -mx-px my-[-0.2rem] rounded px-px py-[0.2rem] transition-colors duration-100 ease-in-out\">Tag 1 kapsel dagligt med et glas vand, medmindre andet er anbefalet af din l\u00e6ge. Overskrid ikke den anbefalede daglige dosis.<\/span><\/p>\n<p data-start=\"1179\" data-end=\"1190\"><strong data-start=\"1179\" data-end=\"1190\">Bem\u00e6rk:<\/strong><\/p>\n<ul data-start=\"1192\" data-end=\"1356\">\n<li data-start=\"1192\" data-end=\"1233\">\n<p data-start=\"1194\" data-end=\"1233\"><span class=\"relative -mx-px my-[-0.2rem] rounded px-px py-[0.2rem] transition-colors duration-100 ease-in-out\">Ikke egnet til b\u00f8rn.<\/span><\/p>\n<\/li>\n<li data-start=\"1234\" data-end=\"1275\">\n<p data-start=\"1236\" data-end=\"1275\"><span class=\"relative -mx-px my-[-0.2rem] rounded px-px py-[0.2rem] transition-colors duration-100 ease-in-out\">Hvis du er gravid, ammer, er syg eller tager medicin, b\u00f8r du konsultere din l\u00e6ge f\u00f8r brug.<\/span><\/p>\n<\/li>\n<li data-start=\"1276\" data-end=\"1356\">\n<p data-start=\"1278\" data-end=\"1356\"><span class=\"relative -mx-px my-[-0.2rem] rounded px-px py-[0.2rem] transition-colors duration-100 ease-in-out\">Kosttilskud b\u00f8r ikke tr\u00e6de i stedet for en varieret kost og sund livsstil.<\/span><\/p>\n<\/li>\n<\/ul>\n<p data-start=\"1358\" data-end=\"1373\"><strong data-start=\"1358\" data-end=\"1373\">Opbevaring:<\/strong><\/p>\n<p data-start=\"1375\" data-end=\"1453\"><span class=\"relative -mx-px my-[-0.2rem] rounded px-px py-[0.2rem] transition-colors duration-100 ease-in-out\">Opbevares t\u00f8rt og ved stuetemperatur, utilg\u00e6ngeligt for b\u00f8rn.<\/span><\/p>\n","protected":false},"excerpt":{"rendered":"<p data-start=\"162\" data-end=\"196\"><strong data-start=\"162\" data-end=\"196\">Multi Complex 50+ \u2013 60 kapsler<\/strong><\/p>\n<p data-start=\"198\" data-end=\"392\"><span class=\"relative -mx-px my-[-0.2rem] rounded px-px py-[0.2rem] transition-colors duration-100 ease-in-out\">Kosttilskud specielt udviklet til voksne over 50 \u00e5r.<\/span> <span class=\"relative -mx-px my-[-0.2rem] rounded px-px py-[0.2rem] transition-colors duration-100 ease-in-out\">Hver kapsel indeholder en kombination af vitaminer, mineraler og omega-3-fedtsyrer.<\/span> <span class=\"relative -mx-px my-[-0.2rem] rounded px-px py-[0.2rem] transition-colors duration-100 ease-in-out\">Formuleret til daglig brug.<\/span> <span class=\"relative -mx-px my-[-0.2rem] rounded px-px py-[0.2rem] transition-colors duration-100 ease-in-out\">Glutenfri, sojafri, sesamfri og sukkerfri.<\/span><\/p>\n","protected":false},"featured_media":88,"comment_status":"open","ping_status":"closed","template":"","meta":[],"product_brand":[41],"product_cat":[22],"product_tag":[],"class_list":{"0":"post-166","1":"product","2":"type-product","3":"status-publish","4":"has-post-thumbnail","6":"product_brand-nordic-oil-essentials","7":"product_cat-kosttilskud","9":"first","10":"instock","11":"taxable","12":"shipping-taxable","13":"purchasable","14":"product-type-simple"},"_links":{"self":[{"href":"https:\/\/nordicolier.dk\/index.php?rest_route=\/wp\/v2\/product\/166","targetHints":{"allow":["GET"]}}],"collection":[{"href":"https:\/\/nordicolier.dk\/index.php?rest_route=\/wp\/v2\/product"}],"about":[{"href":"https:\/\/nordicolier.dk\/index.php?rest_route=\/wp\/v2\/types\/product"}],"replies":[{"embeddable":true,"href":"https:\/\/nordicolier.dk\/index.php?rest_route=%2Fwp%2Fv2%2Fcomments&post=166"}],"wp:featuredmedia":[{"embeddable":true,"href":"https:\/\/nordicolier.dk\/index.php?rest_route=\/wp\/v2\/media\/88"}],"wp:attachment":[{"href":"https:\/\/nordicolier.dk\/index.php?rest_route=%2Fwp%2Fv2%2Fmedia&parent=166"}],"wp:term":[{"taxonomy":"product_brand","embeddable":true,"href":"https:\/\/nordicolier.dk\/index.php?rest_route=%2Fwp%2Fv2%2Fproduct_brand&post=166"},{"taxonomy":"product_cat","embeddable":true,"href":"https:\/\/nordicolier.dk\/index.php?rest_route=%2Fwp%2Fv2%2Fproduct_cat&post=166"},{"taxonomy":"product_tag","embeddable":true,"href":"https:\/\/nordicolier.dk\/index.php?rest_route=%2Fwp%2Fv2%2Fproduct_tag&post=166"}],"curies":[{"name":"wp","href":"https:\/\/api.w.org\/{rel}","templated":true}]}}