{"id":165,"date":"2025-05-26T08:12:50","date_gmt":"2025-05-26T08:12:50","guid":{"rendered":"https:\/\/nordicolier.dk\/?product=lions-mane-svampe-gummies"},"modified":"2025-06-17T11:59:39","modified_gmt":"2025-06-17T09:59:39","slug":"lions-mane-svampe-gummies","status":"publish","type":"product","link":"https:\/\/nordicolier.dk\/?product=lions-mane-svampe-gummies","title":{"rendered":"Lion\u2019s mane svampe gummies"},"content":{"rendered":"<p data-start=\"401\" data-end=\"441\"><strong data-start=\"401\" data-end=\"441\">Lion&#8217;s Mane Svampe Gummies \u2013 60 stk.<\/strong><\/p>\n<p data-start=\"443\" data-end=\"561\"><span class=\"relative -mx-px my-[-0.2rem] rounded px-px py-[0.2rem] transition-colors duration-100 ease-in-out\">Disse gummies indeholder 200 mg \u00f8kologisk Lion&#8217;s Mane-ekstrakt (Hericium erinaceus) med en 20:1 koncentration, svarende til 4000 mg t\u00f8rret svamp pr. gummy.<\/span> <span class=\"relative -mx-px my-[-0.2rem] rounded px-px py-[0.2rem] transition-colors duration-100 ease-in-out\">Formuleret til daglig brug.<\/span><\/p>\n<p data-start=\"563\" data-end=\"583\"><strong data-start=\"563\" data-end=\"583\">Produktdetaljer:<\/strong><\/p>\n<ul data-start=\"585\" data-end=\"869\">\n<li data-start=\"585\" data-end=\"639\">\n<p data-start=\"587\" data-end=\"639\"><strong data-start=\"587\" data-end=\"599\">Indhold:<\/strong> <span class=\"relative -mx-px my-[-0.2rem] rounded px-px py-[0.2rem] transition-colors duration-100 ease-in-out\">60 gummies pr. flaske<\/span><\/p>\n<\/li>\n<li data-start=\"640\" data-end=\"709\">\n<p data-start=\"642\" data-end=\"709\"><strong data-start=\"642\" data-end=\"669\">Anbefalet daglig dosis:<\/strong> <span class=\"relative -mx-px my-[-0.2rem] rounded px-px py-[0.2rem] transition-colors duration-100 ease-in-out\">1-2 gummies<\/span><\/p>\n<\/li>\n<li data-start=\"710\" data-end=\"767\">\n<p data-start=\"712\" data-end=\"767\"><strong data-start=\"712\" data-end=\"727\">Produktion:<\/strong> <span class=\"relative -mx-px my-[-0.2rem] rounded px-px py-[0.2rem] transition-colors duration-100 ease-in-out\">Fremstillet i EU<\/span><\/p>\n<\/li>\n<li data-start=\"768\" data-end=\"869\">\n<p data-start=\"770\" data-end=\"869\"><strong data-start=\"770\" data-end=\"790\">Kostinformation:<\/strong> <span class=\"relative -mx-px my-[-0.2rem] rounded px-px py-[0.2rem] transition-colors duration-100 ease-in-out\">Veganske, glutenfri og sukkerfri<\/span><\/p>\n<\/li>\n<\/ul>\n<p data-start=\"871\" data-end=\"888\"><strong data-start=\"871\" data-end=\"888\">Ingredienser:<\/strong><\/p>\n<p data-start=\"890\" data-end=\"968\"><span class=\"relative -mx-px my-[-0.2rem] rounded px-px py-[0.2rem] transition-colors duration-100 ease-in-out\">Maltitolsirup, Sorbitol, Vand, Pektin, Citronsyre, \u00d8kologisk Lion&#8217;s Mane-ekstrakt, Svampearoma, Rapsolie, Stivelse, Carnaubavoks, MCT-olie.<\/span><\/p>\n<p data-start=\"970\" data-end=\"989\"><strong data-start=\"970\" data-end=\"989\">Brugsanvisning:<\/strong><\/p>\n<p data-start=\"991\" data-end=\"1069\"><span class=\"relative -mx-px my-[-0.2rem] rounded px-px py-[0.2rem] transition-colors duration-100 ease-in-out\">Tag 1-2 gummies dagligt, medmindre andet er anbefalet af din l\u00e6ge. Overskrid ikke den anbefalede daglige dosis.<\/span><\/p>\n<p data-start=\"1071\" data-end=\"1082\"><strong data-start=\"1071\" data-end=\"1082\">Bem\u00e6rk:<\/strong><\/p>\n<ul data-start=\"1084\" data-end=\"1248\">\n<li data-start=\"1084\" data-end=\"1125\">\n<p data-start=\"1086\" data-end=\"1125\"><span class=\"relative -mx-px my-[-0.2rem] rounded px-px py-[0.2rem] transition-colors duration-100 ease-in-out\">Ikke egnet til b\u00f8rn, gravide eller ammende kvinder.<\/span><\/p>\n<\/li>\n<li data-start=\"1126\" data-end=\"1167\">\n<p data-start=\"1128\" data-end=\"1167\"><span class=\"relative -mx-px my-[-0.2rem] rounded px-px py-[0.2rem] transition-colors duration-100 ease-in-out\">Ved sygdom eller medicinbrug b\u00f8r du konsultere din l\u00e6ge f\u00f8r brug.<\/span><\/p>\n<\/li>\n<li data-start=\"1168\" data-end=\"1248\">\n<p data-start=\"1170\" data-end=\"1248\"><span class=\"relative -mx-px my-[-0.2rem] rounded px-px py-[0.2rem] transition-colors duration-100 ease-in-out\">Overdrevet indtag kan have en aff\u00f8rende effekt.<\/span><\/p>\n<\/li>\n<\/ul>\n<p data-start=\"1250\" data-end=\"1265\"><strong data-start=\"1250\" data-end=\"1265\">Opbevaring:<\/strong><\/p>\n<p data-start=\"1267\" data-end=\"1345\"><span class=\"relative -mx-px my-[-0.2rem] rounded px-px py-[0.2rem] transition-colors duration-100 ease-in-out\">Opbevares t\u00f8rt og k\u00f8ligt, utilg\u00e6ngeligt for b\u00f8rn.<\/span><\/p>\n","protected":false},"excerpt":{"rendered":"<p data-start=\"162\" data-end=\"202\"><strong data-start=\"162\" data-end=\"202\">Lion&#8217;s Mane Svampe Gummies \u2013 60 stk.<\/strong><\/p>\n<p data-start=\"204\" data-end=\"318\"><span class=\"relative -mx-px my-[-0.2rem] rounded px-px py-[0.2rem] transition-colors duration-100 ease-in-out\">Hver gummy indeholder 200 mg \u00f8kologisk Lion&#8217;s Mane-ekstrakt (20:1), svarende til 4000 mg t\u00f8rret svamp.<\/span> <span class=\"relative -mx-px my-[-0.2rem] rounded px-px py-[0.2rem] transition-colors duration-100 ease-in-out\">Veganske, glutenfri og sukkerfri.<\/span><\/p>\n","protected":false},"featured_media":92,"comment_status":"open","ping_status":"closed","template":"","meta":[],"product_brand":[41],"product_cat":[22],"product_tag":[],"class_list":{"0":"post-165","1":"product","2":"type-product","3":"status-publish","4":"has-post-thumbnail","6":"product_brand-nordic-oil-essentials","7":"product_cat-kosttilskud","9":"first","10":"instock","11":"taxable","12":"shipping-taxable","13":"purchasable","14":"product-type-simple"},"_links":{"self":[{"href":"https:\/\/nordicolier.dk\/index.php?rest_route=\/wp\/v2\/product\/165","targetHints":{"allow":["GET"]}}],"collection":[{"href":"https:\/\/nordicolier.dk\/index.php?rest_route=\/wp\/v2\/product"}],"about":[{"href":"https:\/\/nordicolier.dk\/index.php?rest_route=\/wp\/v2\/types\/product"}],"replies":[{"embeddable":true,"href":"https:\/\/nordicolier.dk\/index.php?rest_route=%2Fwp%2Fv2%2Fcomments&post=165"}],"wp:featuredmedia":[{"embeddable":true,"href":"https:\/\/nordicolier.dk\/index.php?rest_route=\/wp\/v2\/media\/92"}],"wp:attachment":[{"href":"https:\/\/nordicolier.dk\/index.php?rest_route=%2Fwp%2Fv2%2Fmedia&parent=165"}],"wp:term":[{"taxonomy":"product_brand","embeddable":true,"href":"https:\/\/nordicolier.dk\/index.php?rest_route=%2Fwp%2Fv2%2Fproduct_brand&post=165"},{"taxonomy":"product_cat","embeddable":true,"href":"https:\/\/nordicolier.dk\/index.php?rest_route=%2Fwp%2Fv2%2Fproduct_cat&post=165"},{"taxonomy":"product_tag","embeddable":true,"href":"https:\/\/nordicolier.dk\/index.php?rest_route=%2Fwp%2Fv2%2Fproduct_tag&post=165"}],"curies":[{"name":"wp","href":"https:\/\/api.w.org\/{rel}","templated":true}]}}