{"id":162,"date":"2025-05-26T08:12:49","date_gmt":"2025-05-26T08:12:49","guid":{"rendered":"https:\/\/nordicolier.dk\/?product=vitamin-b-kompleks"},"modified":"2025-06-17T11:59:39","modified_gmt":"2025-06-17T09:59:39","slug":"vitamin-b-kompleks","status":"publish","type":"product","link":"https:\/\/nordicolier.dk\/?product=vitamin-b-kompleks","title":{"rendered":"Vitamin B Kompleks"},"content":{"rendered":"<p data-start=\"543\" data-end=\"578\"><strong data-start=\"543\" data-end=\"578\">Vitamin B Kompleks \u2013 60 kapsler<\/strong><\/p>\n<p data-start=\"580\" data-end=\"698\"><span class=\"relative -mx-px my-[-0.2rem] rounded px-px py-[0.2rem] transition-colors duration-100 ease-in-out\">Disse kapsler indeholder alle 8 essentielle B-vitaminer (B1\u2013B12) i deres aktive coenzymformer.<\/span> <span class=\"relative -mx-px my-[-0.2rem] rounded px-px py-[0.2rem] transition-colors duration-100 ease-in-out\">Formuleret til daglig brug.<\/span><\/p>\n<p data-start=\"700\" data-end=\"720\"><strong data-start=\"700\" data-end=\"720\">Produktdetaljer:<\/strong><\/p>\n<ul data-start=\"722\" data-end=\"1006\">\n<li data-start=\"722\" data-end=\"776\">\n<p data-start=\"724\" data-end=\"776\"><strong data-start=\"724\" data-end=\"736\">Indhold:<\/strong> <span class=\"relative -mx-px my-[-0.2rem] rounded px-px py-[0.2rem] transition-colors duration-100 ease-in-out\">60 kapsler pr. flaske<\/span><\/p>\n<\/li>\n<li data-start=\"777\" data-end=\"846\">\n<p data-start=\"779\" data-end=\"846\"><strong data-start=\"779\" data-end=\"806\">Anbefalet daglig dosis:<\/strong> <span class=\"relative -mx-px my-[-0.2rem] rounded px-px py-[0.2rem] transition-colors duration-100 ease-in-out\">1 kapsel<\/span><\/p>\n<\/li>\n<li data-start=\"847\" data-end=\"904\">\n<p data-start=\"849\" data-end=\"904\"><strong data-start=\"849\" data-end=\"864\">Produktion:<\/strong> <span class=\"relative -mx-px my-[-0.2rem] rounded px-px py-[0.2rem] transition-colors duration-100 ease-in-out\">Fremstillet i EU<\/span><\/p>\n<\/li>\n<li data-start=\"905\" data-end=\"1006\">\n<p data-start=\"907\" data-end=\"1006\"><strong data-start=\"907\" data-end=\"927\">Kostinformation:<\/strong> <span class=\"relative -mx-px my-[-0.2rem] rounded px-px py-[0.2rem] transition-colors duration-100 ease-in-out\">Vegansk, glutenfri, laktosefri og sukkerfri<\/span><\/p>\n<\/li>\n<\/ul>\n<p data-start=\"1008\" data-end=\"1025\"><strong data-start=\"1008\" data-end=\"1025\">Ingredienser:<\/strong><\/p>\n<p data-start=\"1027\" data-end=\"1105\"><span class=\"relative -mx-px my-[-0.2rem] rounded px-px py-[0.2rem] transition-colors duration-100 ease-in-out\">Vitamin B1 (Thiamin), Vitamin B2 (Riboflavin), Vitamin B3 (Niacin), Vitamin B5 (Pantothensyre), Vitamin B6 (Pyridoxin), Vitamin B7 (Biotin), Vitamin B9 (Folsyre), Vitamin B12 (Methylcobalamin), kapselskal (hydroxypropylmethylcellulose).<\/span><\/p>\n<p data-start=\"1107\" data-end=\"1126\"><strong data-start=\"1107\" data-end=\"1126\">Brugsanvisning:<\/strong><\/p>\n<p data-start=\"1128\" data-end=\"1206\"><span class=\"relative -mx-px my-[-0.2rem] rounded px-px py-[0.2rem] transition-colors duration-100 ease-in-out\">Tag 1 kapsel dagligt, helst i forbindelse med et m\u00e5ltid. Overskrid ikke den anbefalede daglige dosis.<\/span><\/p>\n<p data-start=\"1208\" data-end=\"1219\"><strong data-start=\"1208\" data-end=\"1219\">Bem\u00e6rk:<\/strong><\/p>\n<ul data-start=\"1221\" data-end=\"1385\">\n<li data-start=\"1221\" data-end=\"1262\">\n<p data-start=\"1223\" data-end=\"1262\"><span class=\"relative -mx-px my-[-0.2rem] rounded px-px py-[0.2rem] transition-colors duration-100 ease-in-out\">Ikke egnet til b\u00f8rn under 11 \u00e5r.<\/span><\/p>\n<\/li>\n<li data-start=\"1263\" data-end=\"1304\">\n<p data-start=\"1265\" data-end=\"1304\"><span class=\"relative -mx-px my-[-0.2rem] rounded px-px py-[0.2rem] transition-colors duration-100 ease-in-out\">Ved graviditet, amning, sygdom eller medicinbrug b\u00f8r du konsultere din l\u00e6ge f\u00f8r brug.<\/span><\/p>\n<\/li>\n<li data-start=\"1305\" data-end=\"1385\">\n<p data-start=\"1307\" data-end=\"1385\"><span class=\"relative -mx-px my-[-0.2rem] rounded px-px py-[0.2rem] transition-colors duration-100 ease-in-out\">Kosttilskud b\u00f8r ikke tr\u00e6de i stedet for en varieret kost og sund livsstil.<\/span><\/p>\n<\/li>\n<\/ul>\n<p data-start=\"1387\" data-end=\"1402\"><strong data-start=\"1387\" data-end=\"1402\">Opbevaring:<\/strong><\/p>\n<p data-start=\"1404\" data-end=\"1482\"><span class=\"relative -mx-px my-[-0.2rem] rounded px-px py-[0.2rem] transition-colors duration-100 ease-in-out\">Opbevares t\u00f8rt og ved stuetemperatur, utilg\u00e6ngeligt for b\u00f8rn.<\/span><\/p>\n","protected":false},"excerpt":{"rendered":"<p data-start=\"277\" data-end=\"312\"><strong data-start=\"277\" data-end=\"312\">Vitamin B Kompleks \u2013 60 kapsler<\/strong><\/p>\n<p data-start=\"314\" data-end=\"464\"><span class=\"relative -mx-px my-[-0.2rem] rounded px-px py-[0.2rem] transition-colors duration-100 ease-in-out\">Kosttilskud med alle 8 essentielle B-vitaminer i aktive coenzymformer.<\/span> <span class=\"relative -mx-px my-[-0.2rem] rounded px-px py-[0.2rem] transition-colors duration-100 ease-in-out\">Formuleret til daglig brug.<\/span> <span class=\"relative -mx-px my-[-0.2rem] rounded px-px py-[0.2rem] transition-colors duration-100 ease-in-out\">Vegansk og fri for gluten, laktose og sukker.<\/span><\/p>\n","protected":false},"featured_media":86,"comment_status":"open","ping_status":"closed","template":"","meta":[],"product_brand":[41],"product_cat":[22],"product_tag":[],"class_list":{"0":"post-162","1":"product","2":"type-product","3":"status-publish","4":"has-post-thumbnail","6":"product_brand-nordic-oil-essentials","7":"product_cat-kosttilskud","9":"first","10":"instock","11":"taxable","12":"shipping-taxable","13":"purchasable","14":"product-type-simple"},"_links":{"self":[{"href":"https:\/\/nordicolier.dk\/index.php?rest_route=\/wp\/v2\/product\/162","targetHints":{"allow":["GET"]}}],"collection":[{"href":"https:\/\/nordicolier.dk\/index.php?rest_route=\/wp\/v2\/product"}],"about":[{"href":"https:\/\/nordicolier.dk\/index.php?rest_route=\/wp\/v2\/types\/product"}],"replies":[{"embeddable":true,"href":"https:\/\/nordicolier.dk\/index.php?rest_route=%2Fwp%2Fv2%2Fcomments&post=162"}],"wp:featuredmedia":[{"embeddable":true,"href":"https:\/\/nordicolier.dk\/index.php?rest_route=\/wp\/v2\/media\/86"}],"wp:attachment":[{"href":"https:\/\/nordicolier.dk\/index.php?rest_route=%2Fwp%2Fv2%2Fmedia&parent=162"}],"wp:term":[{"taxonomy":"product_brand","embeddable":true,"href":"https:\/\/nordicolier.dk\/index.php?rest_route=%2Fwp%2Fv2%2Fproduct_brand&post=162"},{"taxonomy":"product_cat","embeddable":true,"href":"https:\/\/nordicolier.dk\/index.php?rest_route=%2Fwp%2Fv2%2Fproduct_cat&post=162"},{"taxonomy":"product_tag","embeddable":true,"href":"https:\/\/nordicolier.dk\/index.php?rest_route=%2Fwp%2Fv2%2Fproduct_tag&post=162"}],"curies":[{"name":"wp","href":"https:\/\/api.w.org\/{rel}","templated":true}]}}