{"id":157,"date":"2025-05-26T08:12:49","date_gmt":"2025-05-26T08:12:49","guid":{"rendered":"https:\/\/nordicolier.dk\/?product=probiotika-maelkesyrebakterier"},"modified":"2025-06-18T13:36:53","modified_gmt":"2025-06-18T11:36:53","slug":"probiotika-maelkesyrebakterier","status":"publish","type":"product","link":"https:\/\/nordicolier.dk\/?product=probiotika-maelkesyrebakterier","title":{"rendered":"Probiotika \u2013 M\u00e6lkesyrebakterier"},"content":{"rendered":"<p data-start=\"449\" data-end=\"497\"><strong data-start=\"449\" data-end=\"497\">Probiotika \u2013 M\u00e6lkesyrebakterier \u2013 60 kapsler<\/strong><\/p>\n<p data-start=\"499\" data-end=\"617\"><span class=\"relative -mx-px my-[-0.2rem] rounded px-px py-[0.2rem] transition-colors duration-100 ease-in-out\">Disse kapsler indeholder 10 milliarder CFU fra en bredspektret blanding af m\u00e6lkesyrebakterier pr. kapsel.<\/span> <span class=\"relative -mx-px my-[-0.2rem] rounded px-px py-[0.2rem] transition-colors duration-100 ease-in-out\">Formuleret til daglig brug.<\/span><\/p>\n<p data-start=\"619\" data-end=\"639\"><strong data-start=\"619\" data-end=\"639\">Produktdetaljer:<\/strong><\/p>\n<ul data-start=\"641\" data-end=\"925\">\n<li data-start=\"641\" data-end=\"695\">\n<p data-start=\"643\" data-end=\"695\"><strong data-start=\"643\" data-end=\"655\">Indhold:<\/strong> <span class=\"relative -mx-px my-[-0.2rem] rounded px-px py-[0.2rem] transition-colors duration-100 ease-in-out\">60 kapsler pr. flaske<\/span><\/p>\n<\/li>\n<li data-start=\"696\" data-end=\"765\">\n<p data-start=\"698\" data-end=\"765\"><strong data-start=\"698\" data-end=\"725\">Anbefalet daglig dosis:<\/strong> <span class=\"relative -mx-px my-[-0.2rem] rounded px-px py-[0.2rem] transition-colors duration-100 ease-in-out\">1 kapsel<\/span><\/p>\n<\/li>\n<li data-start=\"766\" data-end=\"823\">\n<p data-start=\"768\" data-end=\"823\"><strong data-start=\"768\" data-end=\"783\">Produktion:<\/strong> <span class=\"relative -mx-px my-[-0.2rem] rounded px-px py-[0.2rem] transition-colors duration-100 ease-in-out\">Fremstillet i EU<\/span><\/p>\n<\/li>\n<li data-start=\"824\" data-end=\"925\">\n<p data-start=\"826\" data-end=\"925\"><strong data-start=\"826\" data-end=\"846\">Kostinformation:<\/strong> <span class=\"relative -mx-px my-[-0.2rem] rounded px-px py-[0.2rem] transition-colors duration-100 ease-in-out\">Vegansk, glutenfri, laktosefri og sukkerfri<\/span><\/p>\n<\/li>\n<\/ul>\n<p data-start=\"927\" data-end=\"944\"><strong data-start=\"927\" data-end=\"944\">Ingredienser:<\/strong><\/p>\n<p data-start=\"946\" data-end=\"1024\"><span class=\"relative -mx-px my-[-0.2rem] rounded px-px py-[0.2rem] transition-colors duration-100 ease-in-out\">Bredspektret blanding af m\u00e6lkesyrebakterier, kapselskal (hydroxypropylmethylcellulose).<\/span><\/p>\n<p data-start=\"1026\" data-end=\"1045\"><strong data-start=\"1026\" data-end=\"1045\">Brugsanvisning:<\/strong><\/p>\n<p data-start=\"1047\" data-end=\"1125\"><span class=\"relative -mx-px my-[-0.2rem] rounded px-px py-[0.2rem] transition-colors duration-100 ease-in-out\">Tag 1 kapsel dagligt, helst i forbindelse med et m\u00e5ltid. Overskrid ikke den anbefalede daglige dosis.<\/span><\/p>\n<p data-start=\"1127\" data-end=\"1138\"><strong data-start=\"1127\" data-end=\"1138\">Bem\u00e6rk:<\/strong><\/p>\n<ul data-start=\"1140\" data-end=\"1304\">\n<li data-start=\"1140\" data-end=\"1181\">\n<p data-start=\"1142\" data-end=\"1181\"><span class=\"relative -mx-px my-[-0.2rem] rounded px-px py-[0.2rem] transition-colors duration-100 ease-in-out\">Ikke egnet til b\u00f8rn under 11 \u00e5r.<\/span><\/p>\n<\/li>\n<li data-start=\"1182\" data-end=\"1223\">\n<p data-start=\"1184\" data-end=\"1223\"><span class=\"relative -mx-px my-[-0.2rem] rounded px-px py-[0.2rem] transition-colors duration-100 ease-in-out\">Ved graviditet, amning, sygdom eller medicinbrug b\u00f8r du konsultere din l\u00e6ge f\u00f8r brug.<\/span><\/p>\n<\/li>\n<li data-start=\"1224\" data-end=\"1304\">\n<p data-start=\"1226\" data-end=\"1304\"><span class=\"relative -mx-px my-[-0.2rem] rounded px-px py-[0.2rem] transition-colors duration-100 ease-in-out\">Kosttilskud b\u00f8r ikke tr\u00e6de i stedet for en varieret kost og sund livsstil.<\/span><\/p>\n<\/li>\n<\/ul>\n<p data-start=\"1306\" data-end=\"1321\"><strong data-start=\"1306\" data-end=\"1321\">Opbevaring:<\/strong><\/p>\n<p data-start=\"1323\" data-end=\"1401\"><span class=\"relative -mx-px my-[-0.2rem] rounded px-px py-[0.2rem] transition-colors duration-100 ease-in-out\">Opbevares t\u00f8rt og ved stuetemperatur, utilg\u00e6ngeligt for b\u00f8rn.<\/span><\/p>\n","protected":false},"excerpt":{"rendered":"<p data-start=\"162\" data-end=\"210\"><strong data-start=\"162\" data-end=\"210\">Probiotika \u2013 M\u00e6lkesyrebakterier \u2013 60 kapsler<\/strong><\/p>\n<p data-start=\"212\" data-end=\"366\"><span class=\"relative -mx-px my-[-0.2rem] rounded px-px py-[0.2rem] transition-colors duration-100 ease-in-out\">Hver kapsel indeholder 10 milliarder CFU fra en bredspektret blanding af m\u00e6lkesyrebakterier.<\/span> <span class=\"relative -mx-px my-[-0.2rem] rounded px-px py-[0.2rem] transition-colors duration-100 ease-in-out\">Formuleret til daglig brug.<\/span> <span class=\"relative -mx-px my-[-0.2rem] rounded px-px py-[0.2rem] transition-colors duration-100 ease-in-out\">Vegansk og fri for gluten, laktose og sukker.<\/span><\/p>\n","protected":false},"featured_media":93,"comment_status":"open","ping_status":"closed","template":"","meta":[],"product_brand":[41],"product_cat":[22],"product_tag":[],"class_list":{"0":"post-157","1":"product","2":"type-product","3":"status-publish","4":"has-post-thumbnail","6":"product_brand-nordic-oil-essentials","7":"product_cat-kosttilskud","9":"first","10":"instock","11":"taxable","12":"shipping-taxable","13":"purchasable","14":"product-type-simple"},"_links":{"self":[{"href":"https:\/\/nordicolier.dk\/index.php?rest_route=\/wp\/v2\/product\/157","targetHints":{"allow":["GET"]}}],"collection":[{"href":"https:\/\/nordicolier.dk\/index.php?rest_route=\/wp\/v2\/product"}],"about":[{"href":"https:\/\/nordicolier.dk\/index.php?rest_route=\/wp\/v2\/types\/product"}],"replies":[{"embeddable":true,"href":"https:\/\/nordicolier.dk\/index.php?rest_route=%2Fwp%2Fv2%2Fcomments&post=157"}],"wp:featuredmedia":[{"embeddable":true,"href":"https:\/\/nordicolier.dk\/index.php?rest_route=\/wp\/v2\/media\/93"}],"wp:attachment":[{"href":"https:\/\/nordicolier.dk\/index.php?rest_route=%2Fwp%2Fv2%2Fmedia&parent=157"}],"wp:term":[{"taxonomy":"product_brand","embeddable":true,"href":"https:\/\/nordicolier.dk\/index.php?rest_route=%2Fwp%2Fv2%2Fproduct_brand&post=157"},{"taxonomy":"product_cat","embeddable":true,"href":"https:\/\/nordicolier.dk\/index.php?rest_route=%2Fwp%2Fv2%2Fproduct_cat&post=157"},{"taxonomy":"product_tag","embeddable":true,"href":"https:\/\/nordicolier.dk\/index.php?rest_route=%2Fwp%2Fv2%2Fproduct_tag&post=157"}],"curies":[{"name":"wp","href":"https:\/\/api.w.org\/{rel}","templated":true}]}}