{"id":155,"date":"2025-05-26T08:12:49","date_gmt":"2025-05-26T08:12:49","guid":{"rendered":"https:\/\/nordicolier.dk\/?product=medicinske-svampe"},"modified":"2025-06-17T11:59:40","modified_gmt":"2025-06-17T09:59:40","slug":"medicinske-svampe","status":"publish","type":"product","link":"https:\/\/nordicolier.dk\/?product=medicinske-svampe","title":{"rendered":"Medicinske svampe"},"content":{"rendered":"<p data-start=\"440\" data-end=\"479\"><strong data-start=\"440\" data-end=\"479\">Medicinske Svampe Kapsler \u2013 60 stk.<\/strong><\/p>\n<p data-start=\"481\" data-end=\"599\"><span class=\"relative -mx-px my-[-0.2rem] rounded px-px py-[0.2rem] transition-colors duration-100 ease-in-out\">Disse kapsler indeholder en blanding af \u00f8kologiske ekstrakter fra Reishi, Chaga, Lion\u2019s Mane og andre medicinske svampe.<\/span> <span class=\"relative -mx-px my-[-0.2rem] rounded px-px py-[0.2rem] transition-colors duration-100 ease-in-out\">Formuleret til daglig brug.<\/span><\/p>\n<p data-start=\"601\" data-end=\"621\"><strong data-start=\"601\" data-end=\"621\">Produktdetaljer:<\/strong><\/p>\n<ul data-start=\"623\" data-end=\"907\">\n<li data-start=\"623\" data-end=\"677\">\n<p data-start=\"625\" data-end=\"677\"><strong data-start=\"625\" data-end=\"637\">Indhold:<\/strong> <span class=\"relative -mx-px my-[-0.2rem] rounded px-px py-[0.2rem] transition-colors duration-100 ease-in-out\">60 kapsler pr. flaske<\/span><\/p>\n<\/li>\n<li data-start=\"678\" data-end=\"747\">\n<p data-start=\"680\" data-end=\"747\"><strong data-start=\"680\" data-end=\"707\">Anbefalet daglig dosis:<\/strong> <span class=\"relative -mx-px my-[-0.2rem] rounded px-px py-[0.2rem] transition-colors duration-100 ease-in-out\">1 kapsel<\/span><\/p>\n<\/li>\n<li data-start=\"748\" data-end=\"805\">\n<p data-start=\"750\" data-end=\"805\"><strong data-start=\"750\" data-end=\"765\">Produktion:<\/strong> <span class=\"relative -mx-px my-[-0.2rem] rounded px-px py-[0.2rem] transition-colors duration-100 ease-in-out\">Fremstillet i EU<\/span><\/p>\n<\/li>\n<li data-start=\"806\" data-end=\"907\">\n<p data-start=\"808\" data-end=\"907\"><strong data-start=\"808\" data-end=\"828\">Kostinformation:<\/strong> <span class=\"relative -mx-px my-[-0.2rem] rounded px-px py-[0.2rem] transition-colors duration-100 ease-in-out\">Vegansk, glutenfri, laktosefri og sukkerfri<\/span><\/p>\n<\/li>\n<\/ul>\n<p data-start=\"909\" data-end=\"926\"><strong data-start=\"909\" data-end=\"926\">Ingredienser:<\/strong><\/p>\n<p data-start=\"928\" data-end=\"1006\"><span class=\"relative -mx-px my-[-0.2rem] rounded px-px py-[0.2rem] transition-colors duration-100 ease-in-out\">\u00d8kologiske ekstrakter af Reishi (Ganoderma lucidum), Chaga (Inonotus obliquus), Lion\u2019s Mane (Hericium erinaceus) og andre medicinske svampe, kapselskal (hydroxypropylmethylcellulose).<\/span><\/p>\n<p data-start=\"1008\" data-end=\"1027\"><strong data-start=\"1008\" data-end=\"1027\">Brugsanvisning:<\/strong><\/p>\n<p data-start=\"1029\" data-end=\"1107\"><span class=\"relative -mx-px my-[-0.2rem] rounded px-px py-[0.2rem] transition-colors duration-100 ease-in-out\">Tag 1 kapsel dagligt, helst i forbindelse med et m\u00e5ltid. Overskrid ikke den anbefalede daglige dosis.<\/span><\/p>\n<p data-start=\"1109\" data-end=\"1120\"><strong data-start=\"1109\" data-end=\"1120\">Bem\u00e6rk:<\/strong><\/p>\n<ul data-start=\"1122\" data-end=\"1286\">\n<li data-start=\"1122\" data-end=\"1163\">\n<p data-start=\"1124\" data-end=\"1163\"><span class=\"relative -mx-px my-[-0.2rem] rounded px-px py-[0.2rem] transition-colors duration-100 ease-in-out\">Ikke egnet til b\u00f8rn, gravide eller ammende kvinder.<\/span><\/p>\n<\/li>\n<li data-start=\"1164\" data-end=\"1205\">\n<p data-start=\"1166\" data-end=\"1205\"><span class=\"relative -mx-px my-[-0.2rem] rounded px-px py-[0.2rem] transition-colors duration-100 ease-in-out\">Ved sygdom eller medicinbrug b\u00f8r du konsultere din l\u00e6ge f\u00f8r brug.<\/span><\/p>\n<\/li>\n<li data-start=\"1206\" data-end=\"1286\">\n<p data-start=\"1208\" data-end=\"1286\"><span class=\"relative -mx-px my-[-0.2rem] rounded px-px py-[0.2rem] transition-colors duration-100 ease-in-out\">Kosttilskud b\u00f8r ikke tr\u00e6de i stedet for en varieret kost og sund livsstil.<\/span><\/p>\n<\/li>\n<\/ul>\n<p data-start=\"1288\" data-end=\"1303\"><strong data-start=\"1288\" data-end=\"1303\">Opbevaring:<\/strong><\/p>\n<p data-start=\"1305\" data-end=\"1383\"><span class=\"relative -mx-px my-[-0.2rem] rounded px-px py-[0.2rem] transition-colors duration-100 ease-in-out\">Opbevares t\u00f8rt og ved stuetemperatur, utilg\u00e6ngeligt for b\u00f8rn.<\/span><\/p>\n","protected":false},"excerpt":{"rendered":"<p data-start=\"162\" data-end=\"201\"><strong data-start=\"162\" data-end=\"201\">Medicinske Svampe Kapsler \u2013 60 stk.<\/strong><\/p>\n<p data-start=\"203\" data-end=\"357\"><span class=\"relative -mx-px my-[-0.2rem] rounded px-px py-[0.2rem] transition-colors duration-100 ease-in-out\">Kosttilskud med \u00f8kologiske ekstrakter af Reishi, Chaga, Lion\u2019s Mane og flere andre medicinske svampe.<\/span> <span class=\"relative -mx-px my-[-0.2rem] rounded px-px py-[0.2rem] transition-colors duration-100 ease-in-out\">Formuleret til daglig brug.<\/span> <span class=\"relative -mx-px my-[-0.2rem] rounded px-px py-[0.2rem] transition-colors duration-100 ease-in-out\">Vegansk og fri for gluten, laktose og sukker.<\/span><\/p>\n","protected":false},"featured_media":95,"comment_status":"open","ping_status":"closed","template":"","meta":[],"product_brand":[41],"product_cat":[22],"product_tag":[],"class_list":{"0":"post-155","1":"product","2":"type-product","3":"status-publish","4":"has-post-thumbnail","6":"product_brand-nordic-oil-essentials","7":"product_cat-kosttilskud","9":"first","10":"instock","11":"taxable","12":"shipping-taxable","13":"purchasable","14":"product-type-simple"},"_links":{"self":[{"href":"https:\/\/nordicolier.dk\/index.php?rest_route=\/wp\/v2\/product\/155","targetHints":{"allow":["GET"]}}],"collection":[{"href":"https:\/\/nordicolier.dk\/index.php?rest_route=\/wp\/v2\/product"}],"about":[{"href":"https:\/\/nordicolier.dk\/index.php?rest_route=\/wp\/v2\/types\/product"}],"replies":[{"embeddable":true,"href":"https:\/\/nordicolier.dk\/index.php?rest_route=%2Fwp%2Fv2%2Fcomments&post=155"}],"wp:featuredmedia":[{"embeddable":true,"href":"https:\/\/nordicolier.dk\/index.php?rest_route=\/wp\/v2\/media\/95"}],"wp:attachment":[{"href":"https:\/\/nordicolier.dk\/index.php?rest_route=%2Fwp%2Fv2%2Fmedia&parent=155"}],"wp:term":[{"taxonomy":"product_brand","embeddable":true,"href":"https:\/\/nordicolier.dk\/index.php?rest_route=%2Fwp%2Fv2%2Fproduct_brand&post=155"},{"taxonomy":"product_cat","embeddable":true,"href":"https:\/\/nordicolier.dk\/index.php?rest_route=%2Fwp%2Fv2%2Fproduct_cat&post=155"},{"taxonomy":"product_tag","embeddable":true,"href":"https:\/\/nordicolier.dk\/index.php?rest_route=%2Fwp%2Fv2%2Fproduct_tag&post=155"}],"curies":[{"name":"wp","href":"https:\/\/api.w.org\/{rel}","templated":true}]}}