{"id":154,"date":"2025-05-26T08:12:49","date_gmt":"2025-05-26T08:12:49","guid":{"rendered":"https:\/\/nordicolier.dk\/?product=omega-3-kapsler"},"modified":"2025-06-18T13:36:17","modified_gmt":"2025-06-18T11:36:17","slug":"omega-3-kapsler","status":"publish","type":"product","link":"https:\/\/nordicolier.dk\/?product=omega-3-kapsler","title":{"rendered":"Omega 3 kapsler"},"content":{"rendered":"<p data-start=\"431\" data-end=\"461\"><strong data-start=\"431\" data-end=\"461\">Omega-3 Kapsler \u2013 100 stk.<\/strong><\/p>\n<p data-start=\"463\" data-end=\"621\"><span class=\"relative -mx-px my-[-0.2rem] rounded px-px py-[0.2rem] transition-colors duration-100 ease-in-out\">Disse kapsler indeholder 1220 mg ren fiskeolie pr. kapsel, heraf 505 mg DHA og 180 mg EPA.<\/span> <span class=\"relative -mx-px my-[-0.2rem] rounded px-px py-[0.2rem] transition-colors duration-100 ease-in-out\">Fiskeolien er Friend of the Sea-certificeret og fri for tungmetaller.<\/span> <span class=\"relative -mx-px my-[-0.2rem] rounded px-px py-[0.2rem] transition-colors duration-100 ease-in-out\">Formuleret til daglig brug.<\/span><\/p>\n<p data-start=\"623\" data-end=\"643\"><strong data-start=\"623\" data-end=\"643\">Produktdetaljer:<\/strong><\/p>\n<ul data-start=\"645\" data-end=\"929\">\n<li data-start=\"645\" data-end=\"699\">\n<p data-start=\"647\" data-end=\"699\"><strong data-start=\"647\" data-end=\"659\">Indhold:<\/strong> <span class=\"relative -mx-px my-[-0.2rem] rounded px-px py-[0.2rem] transition-colors duration-100 ease-in-out\">100 kapsler pr. flaske<\/span><\/p>\n<\/li>\n<li data-start=\"700\" data-end=\"769\">\n<p data-start=\"702\" data-end=\"769\"><strong data-start=\"702\" data-end=\"729\">Anbefalet daglig dosis:<\/strong> <span class=\"relative -mx-px my-[-0.2rem] rounded px-px py-[0.2rem] transition-colors duration-100 ease-in-out\">1 kapsel<\/span><\/p>\n<\/li>\n<li data-start=\"770\" data-end=\"827\">\n<p data-start=\"772\" data-end=\"827\"><strong data-start=\"772\" data-end=\"787\">Produktion:<\/strong> <span class=\"relative -mx-px my-[-0.2rem] rounded px-px py-[0.2rem] transition-colors duration-100 ease-in-out\">Fremstillet i EU<\/span><\/p>\n<\/li>\n<li data-start=\"828\" data-end=\"929\">\n<p data-start=\"830\" data-end=\"929\"><strong data-start=\"830\" data-end=\"850\">Kostinformation:<\/strong> <span class=\"relative -mx-px my-[-0.2rem] rounded px-px py-[0.2rem] transition-colors duration-100 ease-in-out\">Ikke vegansk; indeholder fiskeolie<\/span><\/p>\n<\/li>\n<\/ul>\n<p data-start=\"931\" data-end=\"948\"><strong data-start=\"931\" data-end=\"948\">Ingredienser:<\/strong><\/p>\n<p data-start=\"950\" data-end=\"1028\"><span class=\"relative -mx-px my-[-0.2rem] rounded px-px py-[0.2rem] transition-colors duration-100 ease-in-out\">Fiskeolie (Friend of the Sea-certificeret), gelatine (kv\u00e6g), glycerol, tocopherol-rig ekstrakt.<\/span><\/p>\n<p data-start=\"1030\" data-end=\"1049\"><strong data-start=\"1030\" data-end=\"1049\">Brugsanvisning:<\/strong><\/p>\n<p data-start=\"1051\" data-end=\"1129\"><span class=\"relative -mx-px my-[-0.2rem] rounded px-px py-[0.2rem] transition-colors duration-100 ease-in-out\">Tag 1 kapsel dagligt, helst i forbindelse med et m\u00e5ltid. Overskrid ikke den anbefalede daglige dosis.<\/span><\/p>\n<p data-start=\"1131\" data-end=\"1142\"><strong data-start=\"1131\" data-end=\"1142\">Bem\u00e6rk:<\/strong><\/p>\n<ul data-start=\"1144\" data-end=\"1308\">\n<li data-start=\"1144\" data-end=\"1185\">\n<p data-start=\"1146\" data-end=\"1185\"><span class=\"relative -mx-px my-[-0.2rem] rounded px-px py-[0.2rem] transition-colors duration-100 ease-in-out\">Ikke egnet til b\u00f8rn under 11 \u00e5r.<\/span><\/p>\n<\/li>\n<li data-start=\"1186\" data-end=\"1227\">\n<p data-start=\"1188\" data-end=\"1227\"><span class=\"relative -mx-px my-[-0.2rem] rounded px-px py-[0.2rem] transition-colors duration-100 ease-in-out\">Ved graviditet, amning, sygdom eller medicinbrug b\u00f8r du konsultere din l\u00e6ge f\u00f8r brug.<\/span><\/p>\n<\/li>\n<li data-start=\"1228\" data-end=\"1308\">\n<p data-start=\"1230\" data-end=\"1308\"><span class=\"relative -mx-px my-[-0.2rem] rounded px-px py-[0.2rem] transition-colors duration-100 ease-in-out\">Kosttilskud b\u00f8r ikke tr\u00e6de i stedet for en varieret kost og sund livsstil.<\/span><\/p>\n<\/li>\n<\/ul>\n<p data-start=\"1310\" data-end=\"1325\"><strong data-start=\"1310\" data-end=\"1325\">Opbevaring:<\/strong><\/p>\n<p data-start=\"1327\" data-end=\"1405\"><span class=\"relative -mx-px my-[-0.2rem] rounded px-px py-[0.2rem] transition-colors duration-100 ease-in-out\">Opbevares t\u00f8rt og ved stuetemperatur, utilg\u00e6ngeligt for b\u00f8rn.<\/span><\/p>\n","protected":false},"excerpt":{"rendered":"<p data-start=\"162\" data-end=\"192\"><strong data-start=\"162\" data-end=\"192\">Omega-3 Kapsler \u2013 100 stk.<\/strong><\/p>\n<p data-start=\"194\" data-end=\"348\"><span class=\"relative -mx-px my-[-0.2rem] rounded px-px py-[0.2rem] transition-colors duration-100 ease-in-out\">Hver kapsel indeholder 1220 mg ren fiskeolie med 505 mg DHA og 180 mg EPA.<\/span> <span class=\"relative -mx-px my-[-0.2rem] rounded px-px py-[0.2rem] transition-colors duration-100 ease-in-out\">Friend of the Sea-certificeret og fri for tungmetaller.<\/span> <span class=\"relative -mx-px my-[-0.2rem] rounded px-px py-[0.2rem] transition-colors duration-100 ease-in-out\">Formuleret til daglig brug.<\/span><\/p>\n","protected":false},"featured_media":94,"comment_status":"open","ping_status":"closed","template":"","meta":[],"product_brand":[41],"product_cat":[22],"product_tag":[],"class_list":{"0":"post-154","1":"product","2":"type-product","3":"status-publish","4":"has-post-thumbnail","6":"product_brand-nordic-oil-essentials","7":"product_cat-kosttilskud","9":"first","10":"instock","11":"sale","12":"taxable","13":"shipping-taxable","14":"purchasable","15":"product-type-simple"},"_links":{"self":[{"href":"https:\/\/nordicolier.dk\/index.php?rest_route=\/wp\/v2\/product\/154","targetHints":{"allow":["GET"]}}],"collection":[{"href":"https:\/\/nordicolier.dk\/index.php?rest_route=\/wp\/v2\/product"}],"about":[{"href":"https:\/\/nordicolier.dk\/index.php?rest_route=\/wp\/v2\/types\/product"}],"replies":[{"embeddable":true,"href":"https:\/\/nordicolier.dk\/index.php?rest_route=%2Fwp%2Fv2%2Fcomments&post=154"}],"wp:featuredmedia":[{"embeddable":true,"href":"https:\/\/nordicolier.dk\/index.php?rest_route=\/wp\/v2\/media\/94"}],"wp:attachment":[{"href":"https:\/\/nordicolier.dk\/index.php?rest_route=%2Fwp%2Fv2%2Fmedia&parent=154"}],"wp:term":[{"taxonomy":"product_brand","embeddable":true,"href":"https:\/\/nordicolier.dk\/index.php?rest_route=%2Fwp%2Fv2%2Fproduct_brand&post=154"},{"taxonomy":"product_cat","embeddable":true,"href":"https:\/\/nordicolier.dk\/index.php?rest_route=%2Fwp%2Fv2%2Fproduct_cat&post=154"},{"taxonomy":"product_tag","embeddable":true,"href":"https:\/\/nordicolier.dk\/index.php?rest_route=%2Fwp%2Fv2%2Fproduct_tag&post=154"}],"curies":[{"name":"wp","href":"https:\/\/api.w.org\/{rel}","templated":true}]}}