{"id":153,"date":"2025-05-26T08:12:48","date_gmt":"2025-05-26T08:12:48","guid":{"rendered":"https:\/\/nordicolier.dk\/?product=super-red-mix"},"modified":"2025-06-17T11:59:40","modified_gmt":"2025-06-17T09:59:40","slug":"super-red-mix","status":"publish","type":"product","link":"https:\/\/nordicolier.dk\/?product=super-red-mix","title":{"rendered":"Super Red Mix"},"content":{"rendered":"<p data-start=\"426\" data-end=\"451\"><strong data-start=\"426\" data-end=\"451\">Super Red Mix \u2013 450 g<\/strong><\/p>\n<p data-start=\"453\" data-end=\"611\"><span class=\"relative -mx-px my-[-0.2rem] rounded px-px py-[0.2rem] transition-colors duration-100 ease-in-out\">Super Red Mix er et f\u00f8rsteklasses alt-i-\u00e9t kosttilskud, udviklet til at underst\u00f8tte dit generelle velv\u00e6re.<\/span> <span class=\"relative -mx-px my-[-0.2rem] rounded px-px py-[0.2rem] transition-colors duration-100 ease-in-out\">Denne unikke formel kombinerer over 30 klinisk unders\u00f8gte ingredienser, der sammen st\u00f8tter immunforsvaret, ford\u00f8jelsen og hj\u00e6lper med at bek\u00e6mpe oxidativt stress \u2013 alt samlet i \u00e9n praktisk scoop.<\/span><\/p>\n<p data-start=\"613\" data-end=\"633\"><strong data-start=\"613\" data-end=\"633\">Produktdetaljer:<\/strong><\/p>\n<ul data-start=\"635\" data-end=\"919\">\n<li data-start=\"635\" data-end=\"689\">\n<p data-start=\"637\" data-end=\"689\"><strong data-start=\"637\" data-end=\"649\">Indhold:<\/strong> <span class=\"relative -mx-px my-[-0.2rem] rounded px-px py-[0.2rem] transition-colors duration-100 ease-in-out\">450 g pulver (30 portioner)<\/span><\/p>\n<\/li>\n<li data-start=\"690\" data-end=\"759\">\n<p data-start=\"692\" data-end=\"759\"><strong data-start=\"692\" data-end=\"719\">Anbefalet daglig dosis:<\/strong> <span class=\"relative -mx-px my-[-0.2rem] rounded px-px py-[0.2rem] transition-colors duration-100 ease-in-out\">1 scoop (15 g)<\/span><\/p>\n<\/li>\n<li data-start=\"760\" data-end=\"817\">\n<p data-start=\"762\" data-end=\"817\"><strong data-start=\"762\" data-end=\"777\">Produktion:<\/strong> <span class=\"relative -mx-px my-[-0.2rem] rounded px-px py-[0.2rem] transition-colors duration-100 ease-in-out\">Fremstillet i EU<\/span><\/p>\n<\/li>\n<li data-start=\"818\" data-end=\"919\">\n<p data-start=\"820\" data-end=\"919\"><strong data-start=\"820\" data-end=\"840\">Kostinformation:<\/strong> <span class=\"relative -mx-px my-[-0.2rem] rounded px-px py-[0.2rem] transition-colors duration-100 ease-in-out\">Vegansk, glutenfri, laktosefri, sukkerfri og uden kunstige tils\u00e6tningsstoffer<\/span><\/p>\n<\/li>\n<\/ul>\n<p data-start=\"921\" data-end=\"938\"><strong data-start=\"921\" data-end=\"938\">Ingredienser:<\/strong><\/p>\n<p data-start=\"940\" data-end=\"1058\"><span class=\"relative -mx-px my-[-0.2rem] rounded px-px py-[0.2rem] transition-colors duration-100 ease-in-out\">Vitaminer og mineraler, vegansk kollagen-aminosyrekompleks, citrusfiber, MSM, Epicor\u00ae, g\u00e6rfermenter, hybenekstrakt, rutin, druekerneekstrakt, resveratrol, kanel-ekstrakt, ingef\u00e6r-ekstrakt, boswellia-ekstrakt, Lactospore\u00ae, Bioperine\u00ae, r\u00f8dbedepulver, solsikkelecithin, maltodextrin, DL-m\u00e6lkesyre, citronsyre, stevia, naturlig smag af skovb\u00e6r.<\/span><\/p>\n<p data-start=\"1060\" data-end=\"1079\"><strong data-start=\"1060\" data-end=\"1079\">Brugsanvisning:<\/strong><\/p>\n<p data-start=\"1081\" data-end=\"1159\"><span class=\"relative -mx-px my-[-0.2rem] rounded px-px py-[0.2rem] transition-colors duration-100 ease-in-out\">Bland 1 scoop (15 g) dagligt med mindst 350 ml vand, medmindre andet er aftalt med din sundhedsprofessionelle. Overskrid ikke den anbefalede daglige dosis.<\/span><\/p>\n<p data-start=\"1161\" data-end=\"1172\"><strong data-start=\"1161\" data-end=\"1172\">Bem\u00e6rk:<\/strong><\/p>\n<ul data-start=\"1174\" data-end=\"1338\">\n<li data-start=\"1174\" data-end=\"1215\">\n<p data-start=\"1176\" data-end=\"1215\"><span class=\"relative -mx-px my-[-0.2rem] rounded px-px py-[0.2rem] transition-colors duration-100 ease-in-out\">Ikke egnet til b\u00f8rn.<\/span><\/p>\n<\/li>\n<li data-start=\"1216\" data-end=\"1257\">\n<p data-start=\"1218\" data-end=\"1257\"><span class=\"relative -mx-px my-[-0.2rem] rounded px-px py-[0.2rem] transition-colors duration-100 ease-in-out\">Ved graviditet, amning, sygdom eller medicinbrug b\u00f8r du konsultere din l\u00e6ge f\u00f8r brug.<\/span><\/p>\n<\/li>\n<li data-start=\"1258\" data-end=\"1338\">\n<p data-start=\"1260\" data-end=\"1338\"><span class=\"relative -mx-px my-[-0.2rem] rounded px-px py-[0.2rem] transition-colors duration-100 ease-in-out\">Kosttilskud b\u00f8r ikke tr\u00e6de i stedet for en varieret kost og sund livsstil.<\/span><\/p>\n<\/li>\n<\/ul>\n<p data-start=\"1340\" data-end=\"1355\"><strong data-start=\"1340\" data-end=\"1355\">Opbevaring:<\/strong><\/p>\n<p data-start=\"1357\" data-end=\"1435\"><span class=\"relative -mx-px my-[-0.2rem] rounded px-px py-[0.2rem] transition-colors duration-100 ease-in-out\">Opbevares t\u00f8rt og ved stuetemperatur, utilg\u00e6ngeligt for b\u00f8rn.<\/span><\/p>\n","protected":false},"excerpt":{"rendered":"<p data-start=\"162\" data-end=\"187\"><strong data-start=\"162\" data-end=\"187\">Super Red Mix \u2013 450 g<\/strong><\/p>\n<p data-start=\"189\" data-end=\"343\"><span class=\"relative -mx-px my-[-0.2rem] rounded px-px py-[0.2rem] transition-colors duration-100 ease-in-out\">Alt-i-\u00e9t kosttilskud med over 30 klinisk unders\u00f8gte ingredienser, herunder vitaminer, mineraler, vegansk kollagen-aminosyrekompleks, antioxidanter samt pr\u00e6-, pro- og postbiotika.<\/span> <span class=\"relative -mx-px my-[-0.2rem] rounded px-px py-[0.2rem] transition-colors duration-100 ease-in-out\">Formuleret til daglig brug.<\/span> <span class=\"relative -mx-px my-[-0.2rem] rounded px-px py-[0.2rem] transition-colors duration-100 ease-in-out\">Vegansk og fri for gluten, laktose, sukker og kunstige tils\u00e6tningsstoffer.<\/span><\/p>\n","protected":false},"featured_media":173,"comment_status":"open","ping_status":"closed","template":"","meta":[],"product_brand":[41],"product_cat":[22],"product_tag":[],"class_list":{"0":"post-153","1":"product","2":"type-product","3":"status-publish","4":"has-post-thumbnail","6":"product_brand-nordic-oil-essentials","7":"product_cat-kosttilskud","9":"first","10":"instock","11":"taxable","12":"shipping-taxable","13":"purchasable","14":"product-type-simple"},"_links":{"self":[{"href":"https:\/\/nordicolier.dk\/index.php?rest_route=\/wp\/v2\/product\/153","targetHints":{"allow":["GET"]}}],"collection":[{"href":"https:\/\/nordicolier.dk\/index.php?rest_route=\/wp\/v2\/product"}],"about":[{"href":"https:\/\/nordicolier.dk\/index.php?rest_route=\/wp\/v2\/types\/product"}],"replies":[{"embeddable":true,"href":"https:\/\/nordicolier.dk\/index.php?rest_route=%2Fwp%2Fv2%2Fcomments&post=153"}],"wp:featuredmedia":[{"embeddable":true,"href":"https:\/\/nordicolier.dk\/index.php?rest_route=\/wp\/v2\/media\/173"}],"wp:attachment":[{"href":"https:\/\/nordicolier.dk\/index.php?rest_route=%2Fwp%2Fv2%2Fmedia&parent=153"}],"wp:term":[{"taxonomy":"product_brand","embeddable":true,"href":"https:\/\/nordicolier.dk\/index.php?rest_route=%2Fwp%2Fv2%2Fproduct_brand&post=153"},{"taxonomy":"product_cat","embeddable":true,"href":"https:\/\/nordicolier.dk\/index.php?rest_route=%2Fwp%2Fv2%2Fproduct_cat&post=153"},{"taxonomy":"product_tag","embeddable":true,"href":"https:\/\/nordicolier.dk\/index.php?rest_route=%2Fwp%2Fv2%2Fproduct_tag&post=153"}],"curies":[{"name":"wp","href":"https:\/\/api.w.org\/{rel}","templated":true}]}}